{"id":100,"date":"2024-06-22T09:31:54","date_gmt":"2024-06-22T09:31:54","guid":{"rendered":"https:\/\/alvo-wyland.ch\/?page_id=100"},"modified":"2024-08-28T06:36:24","modified_gmt":"2024-08-28T06:36:24","slug":"coaching","status":"publish","type":"page","link":"https:\/\/alvo-wyland.ch\/?page_id=100","title":{"rendered":"Coaching"},"content":{"rendered":"<section class=\"wpb-content-wrapper\"><p>[vc_row][vc_column width=&#187;2\/3&#8243;][vc_column_text]Coaching bietet viele Vorteile f\u00fcr Einzelpersonen und Organisationen, die ihre Leistung, Effizienz und Zufriedenheit verbessern m\u00f6chten. Hier sind einige der wichtigsten Vorteile:<\/p>\n<p>&nbsp;<\/p>\n<ul>\n<li class=\"mb20\"><strong>Individuelle Entwicklung<\/strong><br \/>\nCoaching hilft Einzelpersonen, ihre pers\u00f6nlichen und beruflichen Ziele zu erkennen und zu erreichen. Es f\u00f6rdert Selbstbewusstsein, Selbstreflexion und pers\u00f6nliches Wachstum.<\/li>\n<li class=\"mb20\"><strong>Zielklarheit und Fokus:<\/strong><br \/>\nEin Coach unterst\u00fctzt dabei, klare Ziele zu setzen und diese fokussiert zu verfolgen.<\/li>\n<li class=\"mb20\"><strong>Leistungssteigerung:<\/strong><br \/>\nCoaching hilft, St\u00e4rken zu maximieren was zu mehr Freude und einer verbesserten Leistung f\u00fchrt.<\/li>\n<li class=\"mb20\"><strong>Bessere Entscheidungsfindung:<\/strong><br \/>\nCoaches helfen Kunden, fundierte Entscheidungen zu treffen, indem sie verschiedene Perspektiven und Strategien aufzeigen.<\/li>\n<li class=\"mb20\"><strong>Konfliktl\u00f6sung:<\/strong><br \/>\nCoaching kann dabei helfen, Konflikte am Arbeitsplatz oder im privaten Umfeld besser zu verstehen und zu l\u00f6sen.<\/li>\n<li class=\"mb20\"><strong>Work-Life-Balance:<\/strong><br \/>\nEin Coach kann dabei helfen, eine gesunde Balance zwischen beruflichen und privaten Verpflichtungen zu finden, was zu einem insgesamt zufriedeneren und ges\u00fcnderen Leben f\u00fchrt.<\/li>\n<li class=\"mb20\"><strong>Verbesserte Kommunikationsf\u00e4higkeiten:<\/strong><br \/>\nCoaching f\u00f6rdert effektive Kommunikationsstrategien, die in vielen Bereichen des Lebens n\u00fctzlich sind.<\/li>\n<li><strong>Motivation und Engagement:<\/strong><br \/>\nEin Coach kann helfen, die pers\u00f6nliche Motivation zu steigern und das Engagement f\u00fcr pers\u00f6nliche Ziele zu f\u00f6rdern.<\/li>\n<\/ul>\n<p>[\/vc_column_text][\/vc_column][vc_column width=&#187;1\/3&#8243;][vc_single_image image=&#187;73&#8243; img_size=&#187;full&#187; css=&#187;.vc_custom_1719054818320{border-top-width: 1px !important;border-right-width: 1px !important;border-bottom-width: 1px !important;border-left-width: 1px !important;padding-top: 10px !important;padding-right: 10px !important;padding-bottom: 10px !important;padding-left: 10px !important;border-left-color: #eeeeee !important;border-left-style: solid !important;border-right-color: #eeeeee !important;border-right-style: solid !important;border-top-color: #eeeeee !important;border-top-style: solid !important;border-bottom-color: #eeeeee !important;border-bottom-style: solid !important;border-radius: 5px !important;}&#187;][\/vc_column][\/vc_row][vc_row tm_bgimagefixed=&#187;&#187; css=&#187;.vc_custom_1719049566364{margin-top: 0px !important;padding-top: 0px !important;}&#187;][vc_column][vc_cta h2=&#187;Interessiert?&#187;]Rufen Sie an Tel <strong><a href=\"tel:0041774510613\">077 451 06 13<\/a><\/strong>\u00a0oder Email <strong><a href=\"mailto:info@alvo-wyland.ch\">info@alvo-wyland.ch<\/a><\/strong>[\/vc_cta][\/vc_column][\/vc_row]<\/p>\n<\/section>","protected":false},"excerpt":{"rendered":"<p>[vc_row][vc_column width=&#187;2\/3&#8243;][vc_column_text]Coaching bietet viele Vorteile f\u00fcr Einzelpersonen und Organisationen, die ihre Leistung, Effizienz und Zufriedenheit verbessern m\u00f6chten. Hier sind einige der wichtigsten Vorteile: &nbsp; Individuelle Entwicklung Coaching hilft Einzelpersonen, ihre pers\u00f6nlichen und beruflichen Ziele zu erkennen und zu erreichen. Es f\u00f6rdert Selbstbewusstsein, Selbstreflexion und pers\u00f6nliches Wachstum. Zielklarheit und Fokus: Ein Coach unterst\u00fctzt dabei, klare Ziele &hellip; <a href=\"https:\/\/alvo-wyland.ch\/?page_id=100\" class=\"more-link\">Continue reading <span class=\"screen-reader-text\">Coaching<\/span><\/a><\/p>\n","protected":false},"author":1,"featured_media":0,"parent":0,"menu_order":0,"comment_status":"closed","ping_status":"open","template":"","meta":{"footnotes":""},"class_list":["post-100","page","type-page","status-publish","hentry"],"yoast_head":"<!-- This site is optimized with the Yoast SEO plugin v23.0 - https:\/\/yoast.com\/wordpress\/plugins\/seo\/ -->\n<title>Coaching - Alvo Wyland - Mediation, Coaching, Human Resources Partner<\/title>\n<meta name=\"robots\" content=\"index, follow, max-snippet:-1, max-image-preview:large, max-video-preview:-1\" \/>\n<link rel=\"canonical\" href=\"https:\/\/alvo-wyland.ch\/?page_id=100\" \/>\n<meta property=\"og:locale\" content=\"de_DE\" \/>\n<meta property=\"og:type\" content=\"article\" \/>\n<meta property=\"og:title\" content=\"Coaching - Alvo Wyland - Mediation, Coaching, Human Resources Partner\" \/>\n<meta property=\"og:description\" content=\"[vc_row][vc_column width=&#187;2\/3&#8243;][vc_column_text]Coaching bietet viele Vorteile f\u00fcr Einzelpersonen und Organisationen, die ihre Leistung, Effizienz und Zufriedenheit verbessern m\u00f6chten. Hier sind einige der wichtigsten Vorteile: &nbsp; Individuelle Entwicklung Coaching hilft Einzelpersonen, ihre pers\u00f6nlichen und beruflichen Ziele zu erkennen und zu erreichen. Es f\u00f6rdert Selbstbewusstsein, Selbstreflexion und pers\u00f6nliches Wachstum. Zielklarheit und Fokus: Ein Coach unterst\u00fctzt dabei, klare Ziele &hellip; Continue reading Coaching\" \/>\n<meta property=\"og:url\" content=\"https:\/\/alvo-wyland.ch\/?page_id=100\" \/>\n<meta property=\"og:site_name\" content=\"Alvo Wyland - Mediation, Coaching, Human Resources Partner\" \/>\n<meta property=\"article:modified_time\" content=\"2024-08-28T06:36:24+00:00\" \/>\n<meta name=\"twitter:card\" content=\"summary_large_image\" \/>\n<meta name=\"twitter:label1\" content=\"Gesch\u00e4tzte Lesezeit\" \/>\n\t<meta name=\"twitter:data1\" content=\"2\u00a0Minuten\" \/>\n<script type=\"application\/ld+json\" class=\"yoast-schema-graph\">{\"@context\":\"https:\/\/schema.org\",\"@graph\":[{\"@type\":\"WebPage\",\"@id\":\"https:\/\/alvo-wyland.ch\/?page_id=100\",\"url\":\"https:\/\/alvo-wyland.ch\/?page_id=100\",\"name\":\"Coaching - Alvo Wyland - Mediation, Coaching, Human Resources Partner\",\"isPartOf\":{\"@id\":\"https:\/\/alvo-wyland.ch\/#website\"},\"datePublished\":\"2024-06-22T09:31:54+00:00\",\"dateModified\":\"2024-08-28T06:36:24+00:00\",\"breadcrumb\":{\"@id\":\"https:\/\/alvo-wyland.ch\/?page_id=100#breadcrumb\"},\"inLanguage\":\"de-CH\",\"potentialAction\":[{\"@type\":\"ReadAction\",\"target\":[\"https:\/\/alvo-wyland.ch\/?page_id=100\"]}]},{\"@type\":\"BreadcrumbList\",\"@id\":\"https:\/\/alvo-wyland.ch\/?page_id=100#breadcrumb\",\"itemListElement\":[{\"@type\":\"ListItem\",\"position\":1,\"name\":\"Startseite\",\"item\":\"https:\/\/alvo-wyland.ch\/\"},{\"@type\":\"ListItem\",\"position\":2,\"name\":\"Coaching\"}]},{\"@type\":\"WebSite\",\"@id\":\"https:\/\/alvo-wyland.ch\/#website\",\"url\":\"https:\/\/alvo-wyland.ch\/\",\"name\":\"Alvo Wyland - Mediation, Coaching, Human Resources Partner\",\"description\":\"Hier kommen Sie zum Ziel\",\"potentialAction\":[{\"@type\":\"SearchAction\",\"target\":{\"@type\":\"EntryPoint\",\"urlTemplate\":\"https:\/\/alvo-wyland.ch\/?s={search_term_string}\"},\"query-input\":\"required name=search_term_string\"}],\"inLanguage\":\"de-CH\"}]}<\/script>\n<!-- \/ Yoast SEO plugin. -->","yoast_head_json":{"title":"Coaching - Alvo Wyland - Mediation, Coaching, Human Resources Partner","robots":{"index":"index","follow":"follow","max-snippet":"max-snippet:-1","max-image-preview":"max-image-preview:large","max-video-preview":"max-video-preview:-1"},"canonical":"https:\/\/alvo-wyland.ch\/?page_id=100","og_locale":"de_DE","og_type":"article","og_title":"Coaching - Alvo Wyland - Mediation, Coaching, Human Resources Partner","og_description":"[vc_row][vc_column width=&#187;2\/3&#8243;][vc_column_text]Coaching bietet viele Vorteile f\u00fcr Einzelpersonen und Organisationen, die ihre Leistung, Effizienz und Zufriedenheit verbessern m\u00f6chten. Hier sind einige der wichtigsten Vorteile: &nbsp; Individuelle Entwicklung Coaching hilft Einzelpersonen, ihre pers\u00f6nlichen und beruflichen Ziele zu erkennen und zu erreichen. Es f\u00f6rdert Selbstbewusstsein, Selbstreflexion und pers\u00f6nliches Wachstum. Zielklarheit und Fokus: Ein Coach unterst\u00fctzt dabei, klare Ziele &hellip; Continue reading Coaching","og_url":"https:\/\/alvo-wyland.ch\/?page_id=100","og_site_name":"Alvo Wyland - Mediation, Coaching, Human Resources Partner","article_modified_time":"2024-08-28T06:36:24+00:00","twitter_card":"summary_large_image","twitter_misc":{"Gesch\u00e4tzte Lesezeit":"2\u00a0Minuten"},"schema":{"@context":"https:\/\/schema.org","@graph":[{"@type":"WebPage","@id":"https:\/\/alvo-wyland.ch\/?page_id=100","url":"https:\/\/alvo-wyland.ch\/?page_id=100","name":"Coaching - Alvo Wyland - Mediation, Coaching, Human Resources Partner","isPartOf":{"@id":"https:\/\/alvo-wyland.ch\/#website"},"datePublished":"2024-06-22T09:31:54+00:00","dateModified":"2024-08-28T06:36:24+00:00","breadcrumb":{"@id":"https:\/\/alvo-wyland.ch\/?page_id=100#breadcrumb"},"inLanguage":"de-CH","potentialAction":[{"@type":"ReadAction","target":["https:\/\/alvo-wyland.ch\/?page_id=100"]}]},{"@type":"BreadcrumbList","@id":"https:\/\/alvo-wyland.ch\/?page_id=100#breadcrumb","itemListElement":[{"@type":"ListItem","position":1,"name":"Startseite","item":"https:\/\/alvo-wyland.ch\/"},{"@type":"ListItem","position":2,"name":"Coaching"}]},{"@type":"WebSite","@id":"https:\/\/alvo-wyland.ch\/#website","url":"https:\/\/alvo-wyland.ch\/","name":"Alvo Wyland - Mediation, Coaching, Human Resources Partner","description":"Hier kommen Sie zum Ziel","potentialAction":[{"@type":"SearchAction","target":{"@type":"EntryPoint","urlTemplate":"https:\/\/alvo-wyland.ch\/?s={search_term_string}"},"query-input":"required name=search_term_string"}],"inLanguage":"de-CH"}]}},"_links":{"self":[{"href":"https:\/\/alvo-wyland.ch\/index.php?rest_route=\/wp\/v2\/pages\/100","targetHints":{"allow":["GET"]}}],"collection":[{"href":"https:\/\/alvo-wyland.ch\/index.php?rest_route=\/wp\/v2\/pages"}],"about":[{"href":"https:\/\/alvo-wyland.ch\/index.php?rest_route=\/wp\/v2\/types\/page"}],"author":[{"embeddable":true,"href":"https:\/\/alvo-wyland.ch\/index.php?rest_route=\/wp\/v2\/users\/1"}],"replies":[{"embeddable":true,"href":"https:\/\/alvo-wyland.ch\/index.php?rest_route=%2Fwp%2Fv2%2Fcomments&post=100"}],"version-history":[{"count":16,"href":"https:\/\/alvo-wyland.ch\/index.php?rest_route=\/wp\/v2\/pages\/100\/revisions"}],"predecessor-version":[{"id":236,"href":"https:\/\/alvo-wyland.ch\/index.php?rest_route=\/wp\/v2\/pages\/100\/revisions\/236"}],"wp:attachment":[{"href":"https:\/\/alvo-wyland.ch\/index.php?rest_route=%2Fwp%2Fv2%2Fmedia&parent=100"}],"curies":[{"name":"wp","href":"https:\/\/api.w.org\/{rel}","templated":true}]}}