{"id":123,"date":"2024-06-22T10:39:43","date_gmt":"2024-06-22T10:39:43","guid":{"rendered":"https:\/\/alvo-wyland.ch\/?page_id=123"},"modified":"2024-08-28T06:41:27","modified_gmt":"2024-08-28T06:41:27","slug":"mediation","status":"publish","type":"page","link":"https:\/\/alvo-wyland.ch\/?page_id=123","title":{"rendered":"Mediation"},"content":{"rendered":"<section class=\"wpb-content-wrapper\"><p>[vc_row][vc_column width=&#187;2\/3&#8243;][vc_column_text]Mediation ist ein strukturiertes Verfahren der Konfliktbereinigung, bei dem ein unparteilicher Dritter (Mediator) die Beteiligten darin unterst\u00fctzt, ihren Streit einvernehmlich zu l\u00f6sen.<\/p>\n<p>Die Mediation ist zur L\u00f6sung aller Konflikte geeignet, sofern gemeinsame Interessen vorhanden sind und die Konfliktpartner die Bereitschaft haben, eine f\u00fcr alle Parteien tragbare L\u00f6sung zu finden.<\/p>\n<p>Differenzen und Streit von Anderen beizulegen ist immer viel einfacher, als wenn man selbst ein Teil davon ist.<\/p>\n<hr \/>\n<h2>Vorteile<\/h2>\n<p>Die Mediation hat viele Vorteile, hier die wichtigsten:<\/p>\n<ul>\n<li>Volle Selbstbestimmung bei der L\u00f6sungsfindung<\/li>\n<li>Absolut vertrauliches Verfahren, bei dem nichts nach aussen dringt<\/li>\n<li>Es geht um L\u00f6sungen, die f\u00fcr alle Konfliktpartner gut sind<\/li>\n<li>Die Beziehung zwischen den Konfliktpartnern kann erhalten bleiben<\/li>\n<li>Gef\u00fchle haben Raum<\/li>\n<\/ul>\n<hr \/>\n<h2>Ablauf<\/h2>\n<p>Die Mediation ist in f\u00fcnf Phasen eingeteilt:<\/p>\n<p>1. Rahmen der Zusammenarbeit definieren<br \/>\n2. Regelungsbed\u00fcrftige Themen entwickeln<br \/>\n3. Konflikt erhellen und bearbeiten<br \/>\n4. L\u00f6sungsm\u00f6glichkeiten entwicklen<br \/>\n5. Abschliessende Vereinbarung treffen[\/vc_column_text][\/vc_column][vc_column width=&#187;1\/3&#8243;][vc_single_image image=&#187;47&#8243; img_size=&#187;full&#187; css=&#187;.vc_custom_1719054957920{border-top-width: 1px !important;border-right-width: 1px !important;border-bottom-width: 1px !important;border-left-width: 1px !important;padding-top: 10px !important;padding-right: 10px !important;padding-bottom: 10px !important;padding-left: 10px !important;border-left-color: #eeeeee !important;border-left-style: solid !important;border-right-color: #eeeeee !important;border-right-style: solid !important;border-top-color: #eeeeee !important;border-top-style: solid !important;border-bottom-color: #eeeeee !important;border-bottom-style: solid !important;border-radius: 5px !important;}&#187;][\/vc_column][\/vc_row][vc_row tm_bgimagefixed=&#187;&#187; css=&#187;.vc_custom_1719049566364{margin-top: 0px !important;padding-top: 0px !important;}&#187;][vc_column][vc_cta h2=&#187;Interessiert?&#187;]Rufen Sie an Tel <strong><a href=\"tel:0041774510613\">077 451 06 13<\/a><\/strong>\u00a0oder Email <strong><a href=\"mailto:info@alvo-wyland.ch\">info@alvo-wyland.ch<\/a><\/strong>[\/vc_cta][\/vc_column][\/vc_row]<\/p>\n<\/section>","protected":false},"excerpt":{"rendered":"<p>[vc_row][vc_column width=&#187;2\/3&#8243;][vc_column_text]Mediation ist ein strukturiertes Verfahren der Konfliktbereinigung, bei dem ein unparteilicher Dritter (Mediator) die Beteiligten darin unterst\u00fctzt, ihren Streit einvernehmlich zu l\u00f6sen. Die Mediation ist zur L\u00f6sung aller Konflikte geeignet, sofern gemeinsame Interessen vorhanden sind und die Konfliktpartner die Bereitschaft haben, eine f\u00fcr alle Parteien tragbare L\u00f6sung zu finden. Differenzen und Streit von Anderen &hellip; <a href=\"https:\/\/alvo-wyland.ch\/?page_id=123\" class=\"more-link\">Continue reading <span class=\"screen-reader-text\">Mediation<\/span><\/a><\/p>\n","protected":false},"author":1,"featured_media":0,"parent":0,"menu_order":0,"comment_status":"closed","ping_status":"open","template":"","meta":{"footnotes":""},"class_list":["post-123","page","type-page","status-publish","hentry"],"yoast_head":"<!-- This site is optimized with the Yoast SEO plugin v23.0 - https:\/\/yoast.com\/wordpress\/plugins\/seo\/ -->\n<title>Mediation - Alvo Wyland - Mediation, Coaching, Human Resources Partner<\/title>\n<meta name=\"robots\" content=\"index, follow, max-snippet:-1, max-image-preview:large, max-video-preview:-1\" \/>\n<link rel=\"canonical\" href=\"https:\/\/alvo-wyland.ch\/?page_id=123\" \/>\n<meta property=\"og:locale\" content=\"de_DE\" \/>\n<meta property=\"og:type\" content=\"article\" \/>\n<meta property=\"og:title\" content=\"Mediation - Alvo Wyland - Mediation, Coaching, Human Resources Partner\" \/>\n<meta property=\"og:description\" content=\"[vc_row][vc_column width=&#187;2\/3&#8243;][vc_column_text]Mediation ist ein strukturiertes Verfahren der Konfliktbereinigung, bei dem ein unparteilicher Dritter (Mediator) die Beteiligten darin unterst\u00fctzt, ihren Streit einvernehmlich zu l\u00f6sen. Die Mediation ist zur L\u00f6sung aller Konflikte geeignet, sofern gemeinsame Interessen vorhanden sind und die Konfliktpartner die Bereitschaft haben, eine f\u00fcr alle Parteien tragbare L\u00f6sung zu finden. Differenzen und Streit von Anderen &hellip; Continue reading Mediation\" \/>\n<meta property=\"og:url\" content=\"https:\/\/alvo-wyland.ch\/?page_id=123\" \/>\n<meta property=\"og:site_name\" content=\"Alvo Wyland - Mediation, Coaching, Human Resources Partner\" \/>\n<meta property=\"article:modified_time\" content=\"2024-08-28T06:41:27+00:00\" \/>\n<meta name=\"twitter:card\" content=\"summary_large_image\" \/>\n<meta name=\"twitter:label1\" content=\"Gesch\u00e4tzte Lesezeit\" \/>\n\t<meta name=\"twitter:data1\" content=\"2\u00a0Minuten\" \/>\n<script type=\"application\/ld+json\" class=\"yoast-schema-graph\">{\"@context\":\"https:\/\/schema.org\",\"@graph\":[{\"@type\":\"WebPage\",\"@id\":\"https:\/\/alvo-wyland.ch\/?page_id=123\",\"url\":\"https:\/\/alvo-wyland.ch\/?page_id=123\",\"name\":\"Mediation - Alvo Wyland - Mediation, Coaching, Human Resources Partner\",\"isPartOf\":{\"@id\":\"https:\/\/alvo-wyland.ch\/#website\"},\"datePublished\":\"2024-06-22T10:39:43+00:00\",\"dateModified\":\"2024-08-28T06:41:27+00:00\",\"breadcrumb\":{\"@id\":\"https:\/\/alvo-wyland.ch\/?page_id=123#breadcrumb\"},\"inLanguage\":\"de-CH\",\"potentialAction\":[{\"@type\":\"ReadAction\",\"target\":[\"https:\/\/alvo-wyland.ch\/?page_id=123\"]}]},{\"@type\":\"BreadcrumbList\",\"@id\":\"https:\/\/alvo-wyland.ch\/?page_id=123#breadcrumb\",\"itemListElement\":[{\"@type\":\"ListItem\",\"position\":1,\"name\":\"Startseite\",\"item\":\"https:\/\/alvo-wyland.ch\/\"},{\"@type\":\"ListItem\",\"position\":2,\"name\":\"Mediation\"}]},{\"@type\":\"WebSite\",\"@id\":\"https:\/\/alvo-wyland.ch\/#website\",\"url\":\"https:\/\/alvo-wyland.ch\/\",\"name\":\"Alvo Wyland - Mediation, Coaching, Human Resources Partner\",\"description\":\"Hier kommen Sie zum Ziel\",\"potentialAction\":[{\"@type\":\"SearchAction\",\"target\":{\"@type\":\"EntryPoint\",\"urlTemplate\":\"https:\/\/alvo-wyland.ch\/?s={search_term_string}\"},\"query-input\":\"required name=search_term_string\"}],\"inLanguage\":\"de-CH\"}]}<\/script>\n<!-- \/ Yoast SEO plugin. -->","yoast_head_json":{"title":"Mediation - Alvo Wyland - Mediation, Coaching, Human Resources Partner","robots":{"index":"index","follow":"follow","max-snippet":"max-snippet:-1","max-image-preview":"max-image-preview:large","max-video-preview":"max-video-preview:-1"},"canonical":"https:\/\/alvo-wyland.ch\/?page_id=123","og_locale":"de_DE","og_type":"article","og_title":"Mediation - Alvo Wyland - Mediation, Coaching, Human Resources Partner","og_description":"[vc_row][vc_column width=&#187;2\/3&#8243;][vc_column_text]Mediation ist ein strukturiertes Verfahren der Konfliktbereinigung, bei dem ein unparteilicher Dritter (Mediator) die Beteiligten darin unterst\u00fctzt, ihren Streit einvernehmlich zu l\u00f6sen. Die Mediation ist zur L\u00f6sung aller Konflikte geeignet, sofern gemeinsame Interessen vorhanden sind und die Konfliktpartner die Bereitschaft haben, eine f\u00fcr alle Parteien tragbare L\u00f6sung zu finden. Differenzen und Streit von Anderen &hellip; Continue reading Mediation","og_url":"https:\/\/alvo-wyland.ch\/?page_id=123","og_site_name":"Alvo Wyland - Mediation, Coaching, Human Resources Partner","article_modified_time":"2024-08-28T06:41:27+00:00","twitter_card":"summary_large_image","twitter_misc":{"Gesch\u00e4tzte Lesezeit":"2\u00a0Minuten"},"schema":{"@context":"https:\/\/schema.org","@graph":[{"@type":"WebPage","@id":"https:\/\/alvo-wyland.ch\/?page_id=123","url":"https:\/\/alvo-wyland.ch\/?page_id=123","name":"Mediation - Alvo Wyland - Mediation, Coaching, Human Resources Partner","isPartOf":{"@id":"https:\/\/alvo-wyland.ch\/#website"},"datePublished":"2024-06-22T10:39:43+00:00","dateModified":"2024-08-28T06:41:27+00:00","breadcrumb":{"@id":"https:\/\/alvo-wyland.ch\/?page_id=123#breadcrumb"},"inLanguage":"de-CH","potentialAction":[{"@type":"ReadAction","target":["https:\/\/alvo-wyland.ch\/?page_id=123"]}]},{"@type":"BreadcrumbList","@id":"https:\/\/alvo-wyland.ch\/?page_id=123#breadcrumb","itemListElement":[{"@type":"ListItem","position":1,"name":"Startseite","item":"https:\/\/alvo-wyland.ch\/"},{"@type":"ListItem","position":2,"name":"Mediation"}]},{"@type":"WebSite","@id":"https:\/\/alvo-wyland.ch\/#website","url":"https:\/\/alvo-wyland.ch\/","name":"Alvo Wyland - Mediation, Coaching, Human Resources Partner","description":"Hier kommen Sie zum Ziel","potentialAction":[{"@type":"SearchAction","target":{"@type":"EntryPoint","urlTemplate":"https:\/\/alvo-wyland.ch\/?s={search_term_string}"},"query-input":"required name=search_term_string"}],"inLanguage":"de-CH"}]}},"_links":{"self":[{"href":"https:\/\/alvo-wyland.ch\/index.php?rest_route=\/wp\/v2\/pages\/123","targetHints":{"allow":["GET"]}}],"collection":[{"href":"https:\/\/alvo-wyland.ch\/index.php?rest_route=\/wp\/v2\/pages"}],"about":[{"href":"https:\/\/alvo-wyland.ch\/index.php?rest_route=\/wp\/v2\/types\/page"}],"author":[{"embeddable":true,"href":"https:\/\/alvo-wyland.ch\/index.php?rest_route=\/wp\/v2\/users\/1"}],"replies":[{"embeddable":true,"href":"https:\/\/alvo-wyland.ch\/index.php?rest_route=%2Fwp%2Fv2%2Fcomments&post=123"}],"version-history":[{"count":8,"href":"https:\/\/alvo-wyland.ch\/index.php?rest_route=\/wp\/v2\/pages\/123\/revisions"}],"predecessor-version":[{"id":239,"href":"https:\/\/alvo-wyland.ch\/index.php?rest_route=\/wp\/v2\/pages\/123\/revisions\/239"}],"wp:attachment":[{"href":"https:\/\/alvo-wyland.ch\/index.php?rest_route=%2Fwp%2Fv2%2Fmedia&parent=123"}],"curies":[{"name":"wp","href":"https:\/\/api.w.org\/{rel}","templated":true}]}}