{"id":132,"date":"2024-06-22T11:01:35","date_gmt":"2024-06-22T11:01:35","guid":{"rendered":"https:\/\/alvo-wyland.ch\/?page_id=132"},"modified":"2024-09-05T12:57:21","modified_gmt":"2024-09-05T12:57:21","slug":"ueber-mich","status":"publish","type":"page","link":"https:\/\/alvo-wyland.ch\/?page_id=132","title":{"rendered":"\u00fcber mich"},"content":{"rendered":"<section class=\"wpb-content-wrapper\"><p>[vc_row][vc_column width=&#187;2\/3&#8243;][vc_column_text]<\/p>\n<h2>Willkommen<\/h2>\n<p>Nach meiner Berufslehre arbeitete ich auf verschiedenen Bahnh\u00f6fen im Billettverkauf und im Fahrdienst. 1996 wechselte ich dann in den Personaldienst, zuerst als Personalbereichsleiterin und seit 2000 als Personalleiterin. Die vielf\u00e4ltigen Aufgaben im Personaldienst sch\u00e4tze ich auch heute noch sehr.<\/p>\n<div style=\"height: 30px;\"><\/div>\n<h2>Aus- und Weiterbildungen:<\/h2>\n<ul>\n<li>Betriebsdisponentin SBB (Schweizerische Bundesbahnen)<\/li>\n<li>Transporthelfer IVR (Interverband f\u00fcr Rettungswesen)<\/li>\n<li>Instruktorin und Koordinatorin SSB (Schweizerischer Samariterbund)<\/li>\n<li>Personalfachfrau mit eidg. Fachausweis<\/li>\n<li>Dipl. Personalleiterin SIB (Schweizerischer Institut f\u00fcr Betriebs\u00f6konomie)<\/li>\n<li>Zertifizierte Sicherheitsfachfrau<\/li>\n<li>EKAS Erwachsenenbildnerin SVEB I (Schweizerischer Verband f\u00fcr Erwachsenenbildung)<\/li>\n<li>Dipl. Management Coach<\/li>\n<li>Mediatorin<\/li>\n<li>Care Giver (Care Kanton Z\u00fcrich)<\/li>\n<\/ul>\n<div style=\"height: 30px;\"><\/div>\n<h2>Freizeit<\/h2>\n<p>Meine Neugier beschr\u00e4nkt sich nicht nur auf das Verhalten des Menschen, sondern auch auf die Funktion seines K\u00f6rpers; \u00fcber 30 Jahre war ich in der Aus- und Weiterbildung der Samariter t\u00e4tig, heute bin ich im Care Kanton Z\u00fcrich aktiv. Mit Menschen, Katzen, Motorrad fahren und dem Schrauben an Oldtimern verbringe ich gerne meine Freizeit.[\/vc_column_text][\/vc_column][vc_column width=&#187;1\/3&#8243;][vc_empty_space][vc_single_image image=&#187;133&#8243; img_size=&#187;full&#187; css=&#187;.vc_custom_1719053787807{border-top-width: 1px !important;border-right-width: 1px !important;border-bottom-width: 1px !important;border-left-width: 1px !important;padding-top: 10px !important;padding-right: 10px !important;padding-bottom: 10px !important;padding-left: 10px !important;border-left-color: #eeeeee !important;border-left-style: solid !important;border-right-color: #eeeeee !important;border-right-style: solid !important;border-top-color: #eeeeee !important;border-top-style: solid !important;border-bottom-color: #eeeeee !important;border-bottom-style: solid !important;border-radius: 5px !important;}&#187;][vc_column_text css=&#187;.vc_custom_1719054700462{margin-top: 0px !important;padding-top: 0px !important;}&#187;]<\/p>\n<p style=\"text-align: right;\"><span style=\"color: #999999;\"><em>Doris Sp\u00fchler<\/em><\/span><\/p>\n<p>[\/vc_column_text][\/vc_column][\/vc_row][vc_row tm_bgimagefixed=&#187;&#187; css=&#187;.vc_custom_1719049566364{margin-top: 0px !important;padding-top: 0px !important;}&#187;][vc_column][vc_cta h2=&#187;Interessiert?&#187;]Rufen Sie an Tel <strong><a href=\"tel:0041774510613\">077 451 06 13<\/a><\/strong>\u00a0oder Email <strong><a href=\"mailto:info@alvo-wyland.ch\">info@alvo-wyland.ch<\/a><\/strong>[\/vc_cta][\/vc_column][\/vc_row]<\/p>\n<\/section>","protected":false},"excerpt":{"rendered":"<p>[vc_row][vc_column width=&#187;2\/3&#8243;][vc_column_text] Willkommen Nach meiner Berufslehre arbeitete ich auf verschiedenen Bahnh\u00f6fen im Billettverkauf und im Fahrdienst. 1996 wechselte ich dann in den Personaldienst, zuerst als Personalbereichsleiterin und seit 2000 als Personalleiterin. Die vielf\u00e4ltigen Aufgaben im Personaldienst sch\u00e4tze ich auch heute noch sehr. Aus- und Weiterbildungen: Betriebsdisponentin SBB (Schweizerische Bundesbahnen) Transporthelfer IVR (Interverband f\u00fcr Rettungswesen) Instruktorin &hellip; <a href=\"https:\/\/alvo-wyland.ch\/?page_id=132\" class=\"more-link\">Continue reading <span class=\"screen-reader-text\">\u00fcber mich<\/span><\/a><\/p>\n","protected":false},"author":1,"featured_media":0,"parent":0,"menu_order":0,"comment_status":"closed","ping_status":"open","template":"","meta":{"footnotes":""},"class_list":["post-132","page","type-page","status-publish","hentry"],"yoast_head":"<!-- This site is optimized with the Yoast SEO plugin v23.0 - https:\/\/yoast.com\/wordpress\/plugins\/seo\/ -->\n<title>\u00fcber mich - Alvo Wyland - Mediation, Coaching, Human Resources Partner<\/title>\n<meta name=\"robots\" content=\"index, follow, max-snippet:-1, max-image-preview:large, max-video-preview:-1\" \/>\n<link rel=\"canonical\" href=\"https:\/\/alvo-wyland.ch\/?page_id=132\" \/>\n<meta property=\"og:locale\" content=\"de_DE\" \/>\n<meta property=\"og:type\" content=\"article\" \/>\n<meta property=\"og:title\" content=\"\u00fcber mich - Alvo Wyland - Mediation, Coaching, Human Resources Partner\" \/>\n<meta property=\"og:description\" content=\"[vc_row][vc_column width=&#187;2\/3&#8243;][vc_column_text] Willkommen Nach meiner Berufslehre arbeitete ich auf verschiedenen Bahnh\u00f6fen im Billettverkauf und im Fahrdienst. 1996 wechselte ich dann in den Personaldienst, zuerst als Personalbereichsleiterin und seit 2000 als Personalleiterin. Die vielf\u00e4ltigen Aufgaben im Personaldienst sch\u00e4tze ich auch heute noch sehr. Aus- und Weiterbildungen: Betriebsdisponentin SBB (Schweizerische Bundesbahnen) Transporthelfer IVR (Interverband f\u00fcr Rettungswesen) Instruktorin &hellip; Continue reading \u00fcber mich\" \/>\n<meta property=\"og:url\" content=\"https:\/\/alvo-wyland.ch\/?page_id=132\" \/>\n<meta property=\"og:site_name\" content=\"Alvo Wyland - Mediation, Coaching, Human Resources Partner\" \/>\n<meta property=\"article:modified_time\" content=\"2024-09-05T12:57:21+00:00\" \/>\n<meta name=\"twitter:card\" content=\"summary_large_image\" \/>\n<meta name=\"twitter:label1\" content=\"Gesch\u00e4tzte Lesezeit\" \/>\n\t<meta name=\"twitter:data1\" content=\"2\u00a0Minuten\" \/>\n<script type=\"application\/ld+json\" class=\"yoast-schema-graph\">{\"@context\":\"https:\/\/schema.org\",\"@graph\":[{\"@type\":\"WebPage\",\"@id\":\"https:\/\/alvo-wyland.ch\/?page_id=132\",\"url\":\"https:\/\/alvo-wyland.ch\/?page_id=132\",\"name\":\"\u00fcber mich - Alvo Wyland - Mediation, Coaching, Human Resources Partner\",\"isPartOf\":{\"@id\":\"https:\/\/alvo-wyland.ch\/#website\"},\"datePublished\":\"2024-06-22T11:01:35+00:00\",\"dateModified\":\"2024-09-05T12:57:21+00:00\",\"breadcrumb\":{\"@id\":\"https:\/\/alvo-wyland.ch\/?page_id=132#breadcrumb\"},\"inLanguage\":\"de-CH\",\"potentialAction\":[{\"@type\":\"ReadAction\",\"target\":[\"https:\/\/alvo-wyland.ch\/?page_id=132\"]}]},{\"@type\":\"BreadcrumbList\",\"@id\":\"https:\/\/alvo-wyland.ch\/?page_id=132#breadcrumb\",\"itemListElement\":[{\"@type\":\"ListItem\",\"position\":1,\"name\":\"Startseite\",\"item\":\"https:\/\/alvo-wyland.ch\/\"},{\"@type\":\"ListItem\",\"position\":2,\"name\":\"\u00fcber mich\"}]},{\"@type\":\"WebSite\",\"@id\":\"https:\/\/alvo-wyland.ch\/#website\",\"url\":\"https:\/\/alvo-wyland.ch\/\",\"name\":\"Alvo Wyland - Mediation, Coaching, Human Resources Partner\",\"description\":\"Hier kommen Sie zum Ziel\",\"potentialAction\":[{\"@type\":\"SearchAction\",\"target\":{\"@type\":\"EntryPoint\",\"urlTemplate\":\"https:\/\/alvo-wyland.ch\/?s={search_term_string}\"},\"query-input\":\"required name=search_term_string\"}],\"inLanguage\":\"de-CH\"}]}<\/script>\n<!-- \/ Yoast SEO plugin. -->","yoast_head_json":{"title":"\u00fcber mich - Alvo Wyland - Mediation, Coaching, Human Resources Partner","robots":{"index":"index","follow":"follow","max-snippet":"max-snippet:-1","max-image-preview":"max-image-preview:large","max-video-preview":"max-video-preview:-1"},"canonical":"https:\/\/alvo-wyland.ch\/?page_id=132","og_locale":"de_DE","og_type":"article","og_title":"\u00fcber mich - Alvo Wyland - Mediation, Coaching, Human Resources Partner","og_description":"[vc_row][vc_column width=&#187;2\/3&#8243;][vc_column_text] Willkommen Nach meiner Berufslehre arbeitete ich auf verschiedenen Bahnh\u00f6fen im Billettverkauf und im Fahrdienst. 1996 wechselte ich dann in den Personaldienst, zuerst als Personalbereichsleiterin und seit 2000 als Personalleiterin. Die vielf\u00e4ltigen Aufgaben im Personaldienst sch\u00e4tze ich auch heute noch sehr. Aus- und Weiterbildungen: Betriebsdisponentin SBB (Schweizerische Bundesbahnen) Transporthelfer IVR (Interverband f\u00fcr Rettungswesen) Instruktorin &hellip; Continue reading \u00fcber mich","og_url":"https:\/\/alvo-wyland.ch\/?page_id=132","og_site_name":"Alvo Wyland - Mediation, Coaching, Human Resources Partner","article_modified_time":"2024-09-05T12:57:21+00:00","twitter_card":"summary_large_image","twitter_misc":{"Gesch\u00e4tzte Lesezeit":"2\u00a0Minuten"},"schema":{"@context":"https:\/\/schema.org","@graph":[{"@type":"WebPage","@id":"https:\/\/alvo-wyland.ch\/?page_id=132","url":"https:\/\/alvo-wyland.ch\/?page_id=132","name":"\u00fcber mich - Alvo Wyland - Mediation, Coaching, Human Resources Partner","isPartOf":{"@id":"https:\/\/alvo-wyland.ch\/#website"},"datePublished":"2024-06-22T11:01:35+00:00","dateModified":"2024-09-05T12:57:21+00:00","breadcrumb":{"@id":"https:\/\/alvo-wyland.ch\/?page_id=132#breadcrumb"},"inLanguage":"de-CH","potentialAction":[{"@type":"ReadAction","target":["https:\/\/alvo-wyland.ch\/?page_id=132"]}]},{"@type":"BreadcrumbList","@id":"https:\/\/alvo-wyland.ch\/?page_id=132#breadcrumb","itemListElement":[{"@type":"ListItem","position":1,"name":"Startseite","item":"https:\/\/alvo-wyland.ch\/"},{"@type":"ListItem","position":2,"name":"\u00fcber mich"}]},{"@type":"WebSite","@id":"https:\/\/alvo-wyland.ch\/#website","url":"https:\/\/alvo-wyland.ch\/","name":"Alvo Wyland - Mediation, Coaching, Human Resources Partner","description":"Hier kommen Sie zum Ziel","potentialAction":[{"@type":"SearchAction","target":{"@type":"EntryPoint","urlTemplate":"https:\/\/alvo-wyland.ch\/?s={search_term_string}"},"query-input":"required name=search_term_string"}],"inLanguage":"de-CH"}]}},"_links":{"self":[{"href":"https:\/\/alvo-wyland.ch\/index.php?rest_route=\/wp\/v2\/pages\/132","targetHints":{"allow":["GET"]}}],"collection":[{"href":"https:\/\/alvo-wyland.ch\/index.php?rest_route=\/wp\/v2\/pages"}],"about":[{"href":"https:\/\/alvo-wyland.ch\/index.php?rest_route=\/wp\/v2\/types\/page"}],"author":[{"embeddable":true,"href":"https:\/\/alvo-wyland.ch\/index.php?rest_route=\/wp\/v2\/users\/1"}],"replies":[{"embeddable":true,"href":"https:\/\/alvo-wyland.ch\/index.php?rest_route=%2Fwp%2Fv2%2Fcomments&post=132"}],"version-history":[{"count":18,"href":"https:\/\/alvo-wyland.ch\/index.php?rest_route=\/wp\/v2\/pages\/132\/revisions"}],"predecessor-version":[{"id":247,"href":"https:\/\/alvo-wyland.ch\/index.php?rest_route=\/wp\/v2\/pages\/132\/revisions\/247"}],"wp:attachment":[{"href":"https:\/\/alvo-wyland.ch\/index.php?rest_route=%2Fwp%2Fv2%2Fmedia&parent=132"}],"curies":[{"name":"wp","href":"https:\/\/api.w.org\/{rel}","templated":true}]}}