{"id":195,"date":"2024-06-22T13:45:54","date_gmt":"2024-06-22T13:45:54","guid":{"rendered":"https:\/\/alvo-wyland.ch\/?page_id=195"},"modified":"2024-08-28T06:39:13","modified_gmt":"2024-08-28T06:39:13","slug":"human-resource-partner","status":"publish","type":"page","link":"https:\/\/alvo-wyland.ch\/?page_id=195","title":{"rendered":"HR-Partner"},"content":{"rendered":"<section class=\"wpb-content-wrapper\"><p>[vc_row][vc_column width=&#187;2\/3&#8243;][vc_column_text]Arbeitsrecht und die Zusammenh\u00e4nge der Sozialversicherungen sind komplex. Mit \u00fcber 20 Jahren Erfahrung im Personaldienst helfe ich gerne bei komplizierten Situationen und Fragen. Oft ergibt sich bereits eine gute L\u00f6sung in einem kurzen Telefongespr\u00e4ch bzw. mit einem einzigen Anruf.<\/p>\n<p>M\u00f6gliche Fragestellungen:<\/p>\n<ul>\n<li>Wie gelingt eine Wiedereingliederung nach langer Absenz?<\/li>\n<li>Welche Rechte und Pflichten gibt es bei Langzeitabsenzen infolge Krankheit oder Unfall?<\/li>\n<li>Wie formuliere ich schwierige Themen in Personalgespr\u00e4chen?<\/li>\n<li>Mit welchen Werkzeugen kann ich die Arbeitgeber-\/ Arbeitnehmerbeziehung st\u00e4rken?<\/li>\n<li>Was ist arbeitsrechtlich erlaubt?<\/li>\n<li>Was ist bei der Anstellung von einem Grenzg\u00e4nger speziell?<\/li>\n<li>Wie werden korrekte Antr\u00e4ge formuliert<\/li>\n<\/ul>\n<p>Welches Thema besch\u00e4ftigt Sie aktuell?<br \/>\nMelden Sie sich und wir finden gemeinsam die f\u00fcr Sie passende L\u00f6sung.[\/vc_column_text][\/vc_column][vc_column width=&#187;1\/3&#8243;][vc_single_image image=&#187;214&#8243; img_size=&#187;full&#187; css=&#187;.vc_custom_1722924585987{border-top-width: 1px !important;border-right-width: 1px !important;border-bottom-width: 1px !important;border-left-width: 1px !important;padding-top: 10px !important;padding-right: 10px !important;padding-bottom: 10px !important;padding-left: 10px !important;border-left-color: #eeeeee !important;border-left-style: solid !important;border-right-color: #eeeeee !important;border-right-style: solid !important;border-top-color: #eeeeee !important;border-top-style: solid !important;border-bottom-color: #eeeeee !important;border-bottom-style: solid !important;border-radius: 5px !important;}&#187;][\/vc_column][\/vc_row][vc_row tm_bgimagefixed=&#187;&#187; css=&#187;.vc_custom_1719049566364{margin-top: 0px !important;padding-top: 0px !important;}&#187;][vc_column][vc_cta h2=&#187;Interessiert?&#187;]Rufen Sie an Tel <strong><a href=\"tel:0041774510613\">077 451 06 13<\/a><\/strong> oder Email <strong><a href=\"mailto:info@alvo-wyland.ch\">info@alvo-wyland.ch<\/a><\/strong>[\/vc_cta][\/vc_column][\/vc_row]<\/p>\n<\/section>","protected":false},"excerpt":{"rendered":"<p>[vc_row][vc_column width=&#187;2\/3&#8243;][vc_column_text]Arbeitsrecht und die Zusammenh\u00e4nge der Sozialversicherungen sind komplex. Mit \u00fcber 20 Jahren Erfahrung im Personaldienst helfe ich gerne bei komplizierten Situationen und Fragen. Oft ergibt sich bereits eine gute L\u00f6sung in einem kurzen Telefongespr\u00e4ch bzw. mit einem einzigen Anruf. M\u00f6gliche Fragestellungen: Wie gelingt eine Wiedereingliederung nach langer Absenz? Welche Rechte und Pflichten gibt es &hellip; <a href=\"https:\/\/alvo-wyland.ch\/?page_id=195\" class=\"more-link\">Continue reading <span class=\"screen-reader-text\">HR-Partner<\/span><\/a><\/p>\n","protected":false},"author":1,"featured_media":0,"parent":0,"menu_order":0,"comment_status":"closed","ping_status":"open","template":"","meta":{"footnotes":""},"class_list":["post-195","page","type-page","status-publish","hentry"],"yoast_head":"<!-- This site is optimized with the Yoast SEO plugin v23.0 - https:\/\/yoast.com\/wordpress\/plugins\/seo\/ -->\n<title>HR-Partner - Alvo Wyland - Mediation, Coaching, Human Resources Partner<\/title>\n<meta name=\"robots\" content=\"index, follow, max-snippet:-1, max-image-preview:large, max-video-preview:-1\" \/>\n<link rel=\"canonical\" href=\"https:\/\/alvo-wyland.ch\/?page_id=195\" \/>\n<meta property=\"og:locale\" content=\"de_DE\" \/>\n<meta property=\"og:type\" content=\"article\" \/>\n<meta property=\"og:title\" content=\"HR-Partner - Alvo Wyland - Mediation, Coaching, Human Resources Partner\" \/>\n<meta property=\"og:description\" content=\"[vc_row][vc_column width=&#187;2\/3&#8243;][vc_column_text]Arbeitsrecht und die Zusammenh\u00e4nge der Sozialversicherungen sind komplex. Mit \u00fcber 20 Jahren Erfahrung im Personaldienst helfe ich gerne bei komplizierten Situationen und Fragen. Oft ergibt sich bereits eine gute L\u00f6sung in einem kurzen Telefongespr\u00e4ch bzw. mit einem einzigen Anruf. M\u00f6gliche Fragestellungen: Wie gelingt eine Wiedereingliederung nach langer Absenz? Welche Rechte und Pflichten gibt es &hellip; Continue reading HR-Partner\" \/>\n<meta property=\"og:url\" content=\"https:\/\/alvo-wyland.ch\/?page_id=195\" \/>\n<meta property=\"og:site_name\" content=\"Alvo Wyland - Mediation, Coaching, Human Resources Partner\" \/>\n<meta property=\"article:modified_time\" content=\"2024-08-28T06:39:13+00:00\" \/>\n<meta name=\"twitter:card\" content=\"summary_large_image\" \/>\n<meta name=\"twitter:label1\" content=\"Gesch\u00e4tzte Lesezeit\" \/>\n\t<meta name=\"twitter:data1\" content=\"1\u00a0Minute\" \/>\n<script type=\"application\/ld+json\" class=\"yoast-schema-graph\">{\"@context\":\"https:\/\/schema.org\",\"@graph\":[{\"@type\":\"WebPage\",\"@id\":\"https:\/\/alvo-wyland.ch\/?page_id=195\",\"url\":\"https:\/\/alvo-wyland.ch\/?page_id=195\",\"name\":\"HR-Partner - Alvo Wyland - Mediation, Coaching, Human Resources Partner\",\"isPartOf\":{\"@id\":\"https:\/\/alvo-wyland.ch\/#website\"},\"datePublished\":\"2024-06-22T13:45:54+00:00\",\"dateModified\":\"2024-08-28T06:39:13+00:00\",\"breadcrumb\":{\"@id\":\"https:\/\/alvo-wyland.ch\/?page_id=195#breadcrumb\"},\"inLanguage\":\"de-CH\",\"potentialAction\":[{\"@type\":\"ReadAction\",\"target\":[\"https:\/\/alvo-wyland.ch\/?page_id=195\"]}]},{\"@type\":\"BreadcrumbList\",\"@id\":\"https:\/\/alvo-wyland.ch\/?page_id=195#breadcrumb\",\"itemListElement\":[{\"@type\":\"ListItem\",\"position\":1,\"name\":\"Startseite\",\"item\":\"https:\/\/alvo-wyland.ch\/\"},{\"@type\":\"ListItem\",\"position\":2,\"name\":\"HR-Partner\"}]},{\"@type\":\"WebSite\",\"@id\":\"https:\/\/alvo-wyland.ch\/#website\",\"url\":\"https:\/\/alvo-wyland.ch\/\",\"name\":\"Alvo Wyland - Mediation, Coaching, Human Resources Partner\",\"description\":\"Hier kommen Sie zum Ziel\",\"potentialAction\":[{\"@type\":\"SearchAction\",\"target\":{\"@type\":\"EntryPoint\",\"urlTemplate\":\"https:\/\/alvo-wyland.ch\/?s={search_term_string}\"},\"query-input\":\"required name=search_term_string\"}],\"inLanguage\":\"de-CH\"}]}<\/script>\n<!-- \/ Yoast SEO plugin. -->","yoast_head_json":{"title":"HR-Partner - Alvo Wyland - Mediation, Coaching, Human Resources Partner","robots":{"index":"index","follow":"follow","max-snippet":"max-snippet:-1","max-image-preview":"max-image-preview:large","max-video-preview":"max-video-preview:-1"},"canonical":"https:\/\/alvo-wyland.ch\/?page_id=195","og_locale":"de_DE","og_type":"article","og_title":"HR-Partner - Alvo Wyland - Mediation, Coaching, Human Resources Partner","og_description":"[vc_row][vc_column width=&#187;2\/3&#8243;][vc_column_text]Arbeitsrecht und die Zusammenh\u00e4nge der Sozialversicherungen sind komplex. Mit \u00fcber 20 Jahren Erfahrung im Personaldienst helfe ich gerne bei komplizierten Situationen und Fragen. Oft ergibt sich bereits eine gute L\u00f6sung in einem kurzen Telefongespr\u00e4ch bzw. mit einem einzigen Anruf. M\u00f6gliche Fragestellungen: Wie gelingt eine Wiedereingliederung nach langer Absenz? Welche Rechte und Pflichten gibt es &hellip; Continue reading HR-Partner","og_url":"https:\/\/alvo-wyland.ch\/?page_id=195","og_site_name":"Alvo Wyland - Mediation, Coaching, Human Resources Partner","article_modified_time":"2024-08-28T06:39:13+00:00","twitter_card":"summary_large_image","twitter_misc":{"Gesch\u00e4tzte Lesezeit":"1\u00a0Minute"},"schema":{"@context":"https:\/\/schema.org","@graph":[{"@type":"WebPage","@id":"https:\/\/alvo-wyland.ch\/?page_id=195","url":"https:\/\/alvo-wyland.ch\/?page_id=195","name":"HR-Partner - Alvo Wyland - Mediation, Coaching, Human Resources Partner","isPartOf":{"@id":"https:\/\/alvo-wyland.ch\/#website"},"datePublished":"2024-06-22T13:45:54+00:00","dateModified":"2024-08-28T06:39:13+00:00","breadcrumb":{"@id":"https:\/\/alvo-wyland.ch\/?page_id=195#breadcrumb"},"inLanguage":"de-CH","potentialAction":[{"@type":"ReadAction","target":["https:\/\/alvo-wyland.ch\/?page_id=195"]}]},{"@type":"BreadcrumbList","@id":"https:\/\/alvo-wyland.ch\/?page_id=195#breadcrumb","itemListElement":[{"@type":"ListItem","position":1,"name":"Startseite","item":"https:\/\/alvo-wyland.ch\/"},{"@type":"ListItem","position":2,"name":"HR-Partner"}]},{"@type":"WebSite","@id":"https:\/\/alvo-wyland.ch\/#website","url":"https:\/\/alvo-wyland.ch\/","name":"Alvo Wyland - Mediation, Coaching, Human Resources Partner","description":"Hier kommen Sie zum Ziel","potentialAction":[{"@type":"SearchAction","target":{"@type":"EntryPoint","urlTemplate":"https:\/\/alvo-wyland.ch\/?s={search_term_string}"},"query-input":"required name=search_term_string"}],"inLanguage":"de-CH"}]}},"_links":{"self":[{"href":"https:\/\/alvo-wyland.ch\/index.php?rest_route=\/wp\/v2\/pages\/195","targetHints":{"allow":["GET"]}}],"collection":[{"href":"https:\/\/alvo-wyland.ch\/index.php?rest_route=\/wp\/v2\/pages"}],"about":[{"href":"https:\/\/alvo-wyland.ch\/index.php?rest_route=\/wp\/v2\/types\/page"}],"author":[{"embeddable":true,"href":"https:\/\/alvo-wyland.ch\/index.php?rest_route=\/wp\/v2\/users\/1"}],"replies":[{"embeddable":true,"href":"https:\/\/alvo-wyland.ch\/index.php?rest_route=%2Fwp%2Fv2%2Fcomments&post=195"}],"version-history":[{"count":10,"href":"https:\/\/alvo-wyland.ch\/index.php?rest_route=\/wp\/v2\/pages\/195\/revisions"}],"predecessor-version":[{"id":237,"href":"https:\/\/alvo-wyland.ch\/index.php?rest_route=\/wp\/v2\/pages\/195\/revisions\/237"}],"wp:attachment":[{"href":"https:\/\/alvo-wyland.ch\/index.php?rest_route=%2Fwp%2Fv2%2Fmedia&parent=195"}],"curies":[{"name":"wp","href":"https:\/\/api.w.org\/{rel}","templated":true}]}}